{"id":1414,"date":"2022-02-03T21:38:35","date_gmt":"2022-02-04T00:38:35","guid":{"rendered":"http:\/\/healthcaregroup.com.ar\/?page_id=1414"},"modified":"2022-06-08T09:35:33","modified_gmt":"2022-06-08T12:35:33","slug":"market-access","status":"publish","type":"page","link":"https:\/\/healthcaregroup.com.ar\/en\/market-access\/","title":{"rendered":"Market Access"},"content":{"rendered":"<div data-elementor-type=\"wp-page\" data-elementor-id=\"1414\" class=\"elementor elementor-1414\" data-elementor-post-type=\"page\">\n\t\t\t\t\t\t<section class=\"elementor-section elementor-top-section elementor-element elementor-element-10a902c elementor-section-full_width elementor-section-height-min-height elementor-section-stretched elementor-section-height-default elementor-section-items-middle\" data-id=\"10a902c\" data-element_type=\"section\" data-settings=\"{&quot;stretch_section&quot;:&quot;section-stretched&quot;,&quot;background_background&quot;:&quot;classic&quot;}\">\n\t\t\t\t\t\t<div class=\"elementor-container elementor-column-gap-default\">\n\t\t\t\t\t<div class=\"elementor-column elementor-col-100 elementor-top-column elementor-element elementor-element-48035587\" data-id=\"48035587\" data-element_type=\"column\">\n\t\t\t<div class=\"elementor-widget-wrap elementor-element-populated\">\n\t\t\t\t\t\t<div class=\"elementor-element elementor-element-1b34fe82 elementor-widget elementor-widget-menu-anchor\" data-id=\"1b34fe82\" data-element_type=\"widget\" data-widget_type=\"menu-anchor.default\">\n\t\t\t\t<div class=\"elementor-widget-container\">\n\t\t\t\t\t\t\t<div class=\"elementor-menu-anchor\" id=\"top\"><\/div>\n\t\t\t\t\t\t<\/div>\n\t\t\t\t<\/div>\n\t\t\t\t<div class=\"elementor-element elementor-element-5a1581cc elementor-widget__width-initial elementor-absolute elementor-widget elementor-widget-spacer\" data-id=\"5a1581cc\" data-element_type=\"widget\" data-settings=\"{&quot;motion_fx_motion_fx_scrolling&quot;:&quot;yes&quot;,&quot;motion_fx_translateY_effect&quot;:&quot;yes&quot;,&quot;motion_fx_translateY_speed&quot;:{&quot;unit&quot;:&quot;px&quot;,&quot;size&quot;:6,&quot;sizes&quot;:[]},&quot;_position&quot;:&quot;absolute&quot;,&quot;motion_fx_translateY_affectedRange&quot;:{&quot;unit&quot;:&quot;%&quot;,&quot;size&quot;:&quot;&quot;,&quot;sizes&quot;:{&quot;start&quot;:0,&quot;end&quot;:100}},&quot;motion_fx_devices&quot;:[&quot;desktop&quot;,&quot;tablet&quot;,&quot;mobile&quot;]}\" data-widget_type=\"spacer.default\">\n\t\t\t\t<div class=\"elementor-widget-container\">\n\t\t\t\t\t\t\t<div class=\"elementor-spacer\">\n\t\t\t<div class=\"elementor-spacer-inner\"><\/div>\n\t\t<\/div>\n\t\t\t\t\t\t<\/div>\n\t\t\t\t<\/div>\n\t\t\t\t<div class=\"elementor-element elementor-element-86d29e5 elementor-widget__width-initial elementor-absolute elementor-widget elementor-widget-spacer\" data-id=\"86d29e5\" data-element_type=\"widget\" data-settings=\"{&quot;motion_fx_motion_fx_scrolling&quot;:&quot;yes&quot;,&quot;motion_fx_translateX_effect&quot;:&quot;yes&quot;,&quot;motion_fx_translateX_direction&quot;:&quot;negative&quot;,&quot;_position&quot;:&quot;absolute&quot;,&quot;motion_fx_translateX_speed&quot;:{&quot;unit&quot;:&quot;px&quot;,&quot;size&quot;:4,&quot;sizes&quot;:[]},&quot;motion_fx_translateX_affectedRange&quot;:{&quot;unit&quot;:&quot;%&quot;,&quot;size&quot;:&quot;&quot;,&quot;sizes&quot;:{&quot;start&quot;:0,&quot;end&quot;:100}},&quot;motion_fx_devices&quot;:[&quot;desktop&quot;,&quot;tablet&quot;,&quot;mobile&quot;]}\" data-widget_type=\"spacer.default\">\n\t\t\t\t<div class=\"elementor-widget-container\">\n\t\t\t\t\t\t\t<div class=\"elementor-spacer\">\n\t\t\t<div class=\"elementor-spacer-inner\"><\/div>\n\t\t<\/div>\n\t\t\t\t\t\t<\/div>\n\t\t\t\t<\/div>\n\t\t\t\t<div class=\"elementor-element elementor-element-7b742222 elementor--h-position-center elementor--v-position-middle elementor-widget elementor-widget-slides\" data-id=\"7b742222\" data-element_type=\"widget\" data-settings=\"{&quot;navigation&quot;:&quot;none&quot;,&quot;autoplay&quot;:&quot;yes&quot;,&quot;autoplay_speed&quot;:5000,&quot;infinite&quot;:&quot;yes&quot;,&quot;transition&quot;:&quot;slide&quot;,&quot;transition_speed&quot;:500}\" data-widget_type=\"slides.default\">\n\t\t\t\t<div class=\"elementor-widget-container\">\n\t\t\t\t\t\t\t\t\t<div class=\"elementor-swiper\">\n\t\t\t\t\t<div class=\"elementor-slides-wrapper elementor-main-swiper swiper\" role=\"region\" aria-roledescription=\"carousel\" aria-label=\"Slides\" dir=\"ltr\" data-animation=\"fadeInUp\">\n\t\t\t\t<div class=\"swiper-wrapper elementor-slides\">\n\t\t\t\t\t\t\t\t\t\t<div class=\"elementor-repeater-item-29ce861 swiper-slide\" role=\"group\" aria-roledescription=\"slide\"><div class=\"swiper-slide-bg\" role=\"img\"><\/div><div class=\"elementor-background-overlay\"><\/div><div class=\"swiper-slide-inner\" ><div class=\"swiper-slide-contents\"><div class=\"elementor-slide-heading\">Market Access<\/div><\/div><\/div><\/div>\t\t\t\t<\/div>\n\t\t\t\t\t\t\t<\/div>\n\t\t\t\t<\/div>\n\t\t\t\t\t\t\t\t<\/div>\n\t\t\t\t<\/div>\n\t\t\t\t\t<\/div>\n\t\t<\/div>\n\t\t\t\t\t<\/div>\n\t\t<\/section>\n\t\t\t\t<section class=\"elementor-section elementor-top-section elementor-element elementor-element-603cf3b9 elementor-section-boxed elementor-section-height-default elementor-section-height-default elementor-invisible\" data-id=\"603cf3b9\" data-element_type=\"section\" data-settings=\"{&quot;animation&quot;:&quot;fadeIn&quot;}\">\n\t\t\t\t\t\t<div class=\"elementor-container elementor-column-gap-default\">\n\t\t\t\t\t<div class=\"elementor-column elementor-col-100 elementor-top-column elementor-element elementor-element-12563641\" data-id=\"12563641\" data-element_type=\"column\">\n\t\t\t<div class=\"elementor-widget-wrap elementor-element-populated\">\n\t\t\t\t\t\t<div class=\"elementor-element elementor-element-4e945397 elementor-invisible elementor-widget elementor-widget-text-editor\" data-id=\"4e945397\" data-element_type=\"widget\" data-settings=\"{&quot;_animation&quot;:&quot;fadeIn&quot;}\" data-widget_type=\"text-editor.default\">\n\t\t\t\t<div class=\"elementor-widget-container\">\n\t\t\t\t\t\t\t\t\t<p>Easy access to healthcare market players.<\/p>\t\t\t\t\t\t\t\t<\/div>\n\t\t\t\t<\/div>\n\t\t\t\t\t<\/div>\n\t\t<\/div>\n\t\t\t\t\t<\/div>\n\t\t<\/section>\n\t\t\t\t<section class=\"elementor-section elementor-top-section elementor-element elementor-element-202153e1 elementor-section-boxed elementor-section-height-default elementor-section-height-default\" data-id=\"202153e1\" data-element_type=\"section\" id=\"outsourcing\">\n\t\t\t\t\t\t<div class=\"elementor-container elementor-column-gap-wider\">\n\t\t\t\t\t<div class=\"elementor-column elementor-col-50 elementor-top-column elementor-element elementor-element-55c833af\" data-id=\"55c833af\" data-element_type=\"column\">\n\t\t\t<div class=\"elementor-widget-wrap elementor-element-populated\">\n\t\t\t\t\t\t<div class=\"elementor-element elementor-element-3fb7f800 elementor-view-framed elementor-shape-square elementor-widget__width-auto elementor-invisible elementor-widget elementor-widget-icon\" data-id=\"3fb7f800\" data-element_type=\"widget\" data-settings=\"{&quot;_animation&quot;:&quot;fadeInLeft&quot;}\" data-widget_type=\"icon.default\">\n\t\t\t\t<div class=\"elementor-widget-container\">\n\t\t\t\t\t\t\t<div class=\"elementor-icon-wrapper\">\n\t\t\t<div class=\"elementor-icon\">\n\t\t\t<svg xmlns=\"http:\/\/www.w3.org\/2000\/svg\" xmlns:xlink=\"http:\/\/www.w3.org\/1999\/xlink\" id=\"Capa_1\" x=\"0px\" y=\"0px\" width=\"23.357px\" height=\"32.729px\" viewbox=\"0 0 23.357 32.729\" xml:space=\"preserve\"><g id=\"XMLID_11850_\">\t<path id=\"XMLID_11862_\" d=\"M20.879,0.18c-0.193-0.154-0.446-0.214-0.687-0.16L0.652,4.357l-0.001,0L0.639,4.36  C0.59,4.371,0.544,4.385,0.5,4.404C0.491,4.408,0.483,4.413,0.474,4.417C0.437,4.435,0.401,4.453,0.367,4.476  c-0.014,0.009-0.026,0.021-0.04,0.03c-0.026,0.02-0.052,0.04-0.076,0.063C0.238,4.582,0.226,4.597,0.212,4.611  c-0.02,0.022-0.04,0.045-0.057,0.07C0.143,4.697,0.132,4.715,0.122,4.732C0.106,4.757,0.092,4.782,0.08,4.809  C0.071,4.828,0.063,4.847,0.055,4.867c-0.011,0.028-0.02,0.057-0.027,0.087c-0.005,0.019-0.01,0.038-0.014,0.058  C0.008,5.046,0.006,5.081,0.004,5.116C0.003,5.13,0,5.142,0,5.156v26.758c0,0.449,0.365,0.814,0.815,0.814h21.726  c0.45,0,0.815-0.365,0.815-0.814V5.156c0-0.45-0.365-0.815-0.815-0.815h-1.357V0.815C21.184,0.568,21.072,0.334,20.879,0.18z   M19.554,4.34H8.25l11.304-2.508V4.34z M21.726,31.099H1.63V5.971h20.096V31.099z\"><\/path>\t<path id=\"XMLID_11859_\" d=\"M5.663,27.221h0.873v-1.752h0.358c0.723,0,1.307-0.59,1.307-1.313c0-0.729-0.583-1.318-1.313-1.318  H5.663V27.221z M6.536,23.717h0.353c0.243,0,0.439,0.197,0.439,0.439c0,0.236-0.197,0.434-0.439,0.434H6.536V23.717z\"><\/path>\t<path id=\"XMLID_11856_\" d=\"M9.611,22.838l-1.584,4.383h0.931l0.445-1.226h1.348l0.445,1.226h0.931l-1.584-4.383H9.611z   M9.721,25.116l0.353-0.989l0.358,0.989H9.721z\"><\/path>\t<path id=\"XMLID_11855_\" d=\"M15.243,25.908c0-0.74-0.549-1.237-1.267-1.272c-0.219-0.011-0.444-0.04-0.584-0.196  c-0.063-0.081-0.104-0.18-0.104-0.283c0-0.242,0.197-0.439,0.439-0.439c0.266,0,0.515,0.081,0.717,0.214l0.631-0.63  c-0.371-0.289-0.839-0.463-1.348-0.463c-0.723,0-1.313,0.59-1.313,1.318c0,0.619,0.428,1.133,1,1.277  c0.221,0.053,0.566,0.018,0.775,0.139c0.121,0.07,0.173,0.203,0.173,0.336c0,0.242-0.196,0.439-0.433,0.439  c-0.348,0-0.66-0.133-0.896-0.353l-0.619,0.618c0.393,0.377,0.926,0.607,1.516,0.607C14.654,27.221,15.243,26.631,15.243,25.908z\"><\/path>\t<path id=\"XMLID_11854_\" d=\"M16.845,23.717c0.266,0,0.514,0.081,0.717,0.214l0.63-0.63c-0.37-0.289-0.839-0.463-1.347-0.463  c-0.724,0-1.313,0.59-1.313,1.318c0,0.619,0.428,1.133,1,1.277c0.219,0.053,0.566,0.018,0.774,0.139  c0.122,0.07,0.173,0.203,0.173,0.336c0,0.242-0.195,0.439-0.434,0.439c-0.346,0-0.658-0.133-0.896-0.353l-0.618,0.618  c0.393,0.377,0.925,0.607,1.514,0.607c0.724,0,1.313-0.59,1.313-1.313c0-0.74-0.549-1.237-1.266-1.272  c-0.221-0.011-0.445-0.04-0.584-0.196c-0.063-0.081-0.104-0.18-0.104-0.283C16.406,23.914,16.601,23.717,16.845,23.717z\"><\/path>\t<path id=\"XMLID_11851_\" d=\"M11.679,19.86c3.124,0,5.667-2.542,5.667-5.666c0-3.124-2.543-5.665-5.667-5.665  c-3.124,0-5.666,2.541-5.666,5.665C6.013,17.319,8.555,19.86,11.679,19.86z M11.679,10.16c2.225,0,4.036,1.81,4.036,4.035  s-1.811,4.036-4.036,4.036c-2.226,0-4.036-1.811-4.036-4.036S9.453,10.16,11.679,10.16z\"><\/path><\/g><\/svg>\t\t\t<\/div>\n\t\t<\/div>\n\t\t\t\t\t\t<\/div>\n\t\t\t\t<\/div>\n\t\t\t\t<div class=\"elementor-element elementor-element-19613d25 elementor-widget__width-auto elementor-invisible elementor-widget elementor-widget-text-editor\" data-id=\"19613d25\" data-element_type=\"widget\" data-settings=\"{&quot;_animation&quot;:&quot;fadeInRight&quot;}\" data-widget_type=\"text-editor.default\">\n\t\t\t\t<div class=\"elementor-widget-container\">\n\t\t\t\t\t\t\t\t\t<p>Market Access<\/p>\t\t\t\t\t\t\t\t<\/div>\n\t\t\t\t<\/div>\n\t\t\t\t<div class=\"elementor-element elementor-element-6f7a96ab elementor-invisible elementor-widget elementor-widget-text-editor\" data-id=\"6f7a96ab\" data-element_type=\"widget\" data-settings=\"{&quot;_animation&quot;:&quot;fadeIn&quot;}\" data-widget_type=\"text-editor.default\">\n\t\t\t\t<div class=\"elementor-widget-container\">\n\t\t\t\t\t\t\t\t\t<p>HEALTHCARE MARKET ACCESS Outsourcing services allow Laboratories to access more easily to the complexity of public and private sector players that interact throughout the Health System, moving this market from the competitive strategic positioning demanded by the brands, to the commercial and sales implementation of the SPECIAL TREATMENTS business.<\/p><p>HEALTHCARE MARKET ACCESS makes it possible to add value to the laboratories, through the immediate \"turnkey\" transfer of a solid knowledge of the dynamics of niche businesses in this market.<\/p><p>Thus, Laboratories that incorporate HEALTHCARE MARKET ACCESS services can quickly obtain the specialized know-how required by access markets and the management of commercial structures with greater operational elasticity, capable of handling the special tools required by the different variables of this market, while preserving institutional regulations and corporate policies of the client companies.<\/p>\t\t\t\t\t\t\t\t<\/div>\n\t\t\t\t<\/div>\n\t\t\t\t\t<\/div>\n\t\t<\/div>\n\t\t\t\t<div class=\"elementor-column elementor-col-50 elementor-top-column elementor-element elementor-element-5f6f7d14\" data-id=\"5f6f7d14\" data-element_type=\"column\">\n\t\t\t<div class=\"elementor-widget-wrap elementor-element-populated\">\n\t\t\t\t\t\t<div class=\"elementor-element elementor-element-6efcdbe3 elementor-invisible elementor-widget elementor-widget-image\" data-id=\"6efcdbe3\" data-element_type=\"widget\" data-settings=\"{&quot;_animation&quot;:&quot;fadeIn&quot;}\" data-widget_type=\"image.default\">\n\t\t\t\t<div class=\"elementor-widget-container\">\n\t\t\t\t\t\t\t\t\t\t\t\t\t\t\t<img fetchpriority=\"high\" decoding=\"async\" width=\"900\" height=\"675\" src=\"https:\/\/healthcaregroup.com.ar\/wp-content\/uploads\/2022\/02\/access.jpg\" class=\"attachment-full size-full wp-image-1743\" alt=\"\" srcset=\"https:\/\/healthcaregroup.com.ar\/wp-content\/uploads\/2022\/02\/access.jpg 900w, https:\/\/healthcaregroup.com.ar\/wp-content\/uploads\/2022\/02\/access-300x225.jpg 300w, https:\/\/healthcaregroup.com.ar\/wp-content\/uploads\/2022\/02\/access-768x576.jpg 768w\" sizes=\"(max-width: 900px) 100vw, 900px\" \/>\t\t\t\t\t\t\t\t\t\t\t\t\t\t\t<\/div>\n\t\t\t\t<\/div>\n\t\t\t\t\t<\/div>\n\t\t<\/div>\n\t\t\t\t\t<\/div>\n\t\t<\/section>\n\t\t\t\t<\/div>","protected":false},"excerpt":{"rendered":"<p>Market Access F\u00e1cil acceso a los players del mercado de la salud. Market Access Los servicios de Outsourcing de HEALTHCARE MARKET ACCESS permiten que los Laboratorios accedan m\u00e1s f\u00e1cilmente a la complejidad de players del sector p\u00fablico y privado que interact\u00faan en todo el Sistema de Salud, transitando este mercado desde el competitivo posicionamiento estrat\u00e9gico [&hellip;]<\/p>","protected":false},"author":1,"featured_media":0,"parent":0,"menu_order":0,"comment_status":"closed","ping_status":"closed","template":"","meta":{"footnotes":""},"class_list":["post-1414","page","type-page","status-publish","hentry"],"_links":{"self":[{"href":"https:\/\/healthcaregroup.com.ar\/en\/wp-json\/wp\/v2\/pages\/1414","targetHints":{"allow":["GET"]}}],"collection":[{"href":"https:\/\/healthcaregroup.com.ar\/en\/wp-json\/wp\/v2\/pages"}],"about":[{"href":"https:\/\/healthcaregroup.com.ar\/en\/wp-json\/wp\/v2\/types\/page"}],"author":[{"embeddable":true,"href":"https:\/\/healthcaregroup.com.ar\/en\/wp-json\/wp\/v2\/users\/1"}],"replies":[{"embeddable":true,"href":"https:\/\/healthcaregroup.com.ar\/en\/wp-json\/wp\/v2\/comments?post=1414"}],"version-history":[{"count":43,"href":"https:\/\/healthcaregroup.com.ar\/en\/wp-json\/wp\/v2\/pages\/1414\/revisions"}],"predecessor-version":[{"id":2378,"href":"https:\/\/healthcaregroup.com.ar\/en\/wp-json\/wp\/v2\/pages\/1414\/revisions\/2378"}],"wp:attachment":[{"href":"https:\/\/healthcaregroup.com.ar\/en\/wp-json\/wp\/v2\/media?parent=1414"}],"curies":[{"name":"wp","href":"https:\/\/api.w.org\/{rel}","templated":true}]}}