{"id":1398,"date":"2022-02-03T13:01:52","date_gmt":"2022-02-03T16:01:52","guid":{"rendered":"http:\/\/healthcaregroup.com.ar\/?page_id=1398"},"modified":"2022-10-22T12:04:01","modified_gmt":"2022-10-22T15:04:01","slug":"innovation-tecnology","status":"publish","type":"page","link":"https:\/\/healthcaregroup.com.ar\/en\/innovation-tecnology\/","title":{"rendered":"Innovation &#038; Tecnology"},"content":{"rendered":"<div data-elementor-type=\"wp-page\" data-elementor-id=\"1398\" class=\"elementor elementor-1398\" data-elementor-post-type=\"page\">\n\t\t\t\t\t\t<section class=\"elementor-section elementor-top-section elementor-element elementor-element-2a28e644 elementor-section-full_width elementor-section-height-min-height elementor-section-stretched elementor-section-height-default elementor-section-items-middle\" data-id=\"2a28e644\" data-element_type=\"section\" data-settings=\"{&quot;stretch_section&quot;:&quot;section-stretched&quot;,&quot;background_background&quot;:&quot;classic&quot;}\">\n\t\t\t\t\t\t<div class=\"elementor-container elementor-column-gap-default\">\n\t\t\t\t\t<div class=\"elementor-column elementor-col-100 elementor-top-column elementor-element elementor-element-49a1d758\" data-id=\"49a1d758\" data-element_type=\"column\">\n\t\t\t<div class=\"elementor-widget-wrap elementor-element-populated\">\n\t\t\t\t\t\t<div class=\"elementor-element elementor-element-6343bd8 elementor-widget elementor-widget-menu-anchor\" data-id=\"6343bd8\" data-element_type=\"widget\" data-widget_type=\"menu-anchor.default\">\n\t\t\t\t<div class=\"elementor-widget-container\">\n\t\t\t\t\t\t\t<div class=\"elementor-menu-anchor\" id=\"top\"><\/div>\n\t\t\t\t\t\t<\/div>\n\t\t\t\t<\/div>\n\t\t\t\t<div class=\"elementor-element elementor-element-59f1b42e elementor-widget__width-initial elementor-absolute elementor-widget elementor-widget-spacer\" data-id=\"59f1b42e\" data-element_type=\"widget\" data-settings=\"{&quot;motion_fx_motion_fx_scrolling&quot;:&quot;yes&quot;,&quot;motion_fx_translateY_effect&quot;:&quot;yes&quot;,&quot;motion_fx_translateY_speed&quot;:{&quot;unit&quot;:&quot;px&quot;,&quot;size&quot;:6,&quot;sizes&quot;:[]},&quot;_position&quot;:&quot;absolute&quot;,&quot;motion_fx_translateY_affectedRange&quot;:{&quot;unit&quot;:&quot;%&quot;,&quot;size&quot;:&quot;&quot;,&quot;sizes&quot;:{&quot;start&quot;:0,&quot;end&quot;:100}},&quot;motion_fx_devices&quot;:[&quot;desktop&quot;,&quot;tablet&quot;,&quot;mobile&quot;]}\" data-widget_type=\"spacer.default\">\n\t\t\t\t<div class=\"elementor-widget-container\">\n\t\t\t\t\t\t\t<div class=\"elementor-spacer\">\n\t\t\t<div class=\"elementor-spacer-inner\"><\/div>\n\t\t<\/div>\n\t\t\t\t\t\t<\/div>\n\t\t\t\t<\/div>\n\t\t\t\t<div class=\"elementor-element elementor-element-20fd1c55 elementor-widget__width-initial elementor-absolute elementor-widget elementor-widget-spacer\" data-id=\"20fd1c55\" data-element_type=\"widget\" data-settings=\"{&quot;motion_fx_motion_fx_scrolling&quot;:&quot;yes&quot;,&quot;motion_fx_translateX_effect&quot;:&quot;yes&quot;,&quot;motion_fx_translateX_direction&quot;:&quot;negative&quot;,&quot;_position&quot;:&quot;absolute&quot;,&quot;motion_fx_translateX_speed&quot;:{&quot;unit&quot;:&quot;px&quot;,&quot;size&quot;:4,&quot;sizes&quot;:[]},&quot;motion_fx_translateX_affectedRange&quot;:{&quot;unit&quot;:&quot;%&quot;,&quot;size&quot;:&quot;&quot;,&quot;sizes&quot;:{&quot;start&quot;:0,&quot;end&quot;:100}},&quot;motion_fx_devices&quot;:[&quot;desktop&quot;,&quot;tablet&quot;,&quot;mobile&quot;]}\" data-widget_type=\"spacer.default\">\n\t\t\t\t<div class=\"elementor-widget-container\">\n\t\t\t\t\t\t\t<div class=\"elementor-spacer\">\n\t\t\t<div class=\"elementor-spacer-inner\"><\/div>\n\t\t<\/div>\n\t\t\t\t\t\t<\/div>\n\t\t\t\t<\/div>\n\t\t\t\t<div class=\"elementor-element elementor-element-57cb83c7 elementor--h-position-center elementor--v-position-middle elementor-widget elementor-widget-slides\" data-id=\"57cb83c7\" data-element_type=\"widget\" data-settings=\"{&quot;navigation&quot;:&quot;none&quot;,&quot;autoplay&quot;:&quot;yes&quot;,&quot;autoplay_speed&quot;:5000,&quot;infinite&quot;:&quot;yes&quot;,&quot;transition&quot;:&quot;slide&quot;,&quot;transition_speed&quot;:500}\" data-widget_type=\"slides.default\">\n\t\t\t\t<div class=\"elementor-widget-container\">\n\t\t\t\t\t\t\t\t\t<div class=\"elementor-swiper\">\n\t\t\t\t\t<div class=\"elementor-slides-wrapper elementor-main-swiper swiper\" role=\"region\" aria-roledescription=\"carousel\" aria-label=\"Slides\" dir=\"ltr\" data-animation=\"fadeInUp\">\n\t\t\t\t<div class=\"swiper-wrapper elementor-slides\">\n\t\t\t\t\t\t\t\t\t\t<div class=\"elementor-repeater-item-29ce861 swiper-slide\" role=\"group\" aria-roledescription=\"slide\"><div class=\"swiper-slide-bg\" role=\"img\"><\/div><div class=\"elementor-background-overlay\"><\/div><div class=\"swiper-slide-inner\" ><div class=\"swiper-slide-contents\"><div class=\"elementor-slide-heading\">Innovation & Technology<\/div><\/div><\/div><\/div>\t\t\t\t<\/div>\n\t\t\t\t\t\t\t<\/div>\n\t\t\t\t<\/div>\n\t\t\t\t\t\t\t\t<\/div>\n\t\t\t\t<\/div>\n\t\t\t\t\t<\/div>\n\t\t<\/div>\n\t\t\t\t\t<\/div>\n\t\t<\/section>\n\t\t\t\t<section class=\"elementor-section elementor-top-section elementor-element elementor-element-5193b7dd elementor-section-boxed elementor-section-height-default elementor-section-height-default elementor-invisible\" data-id=\"5193b7dd\" data-element_type=\"section\" data-settings=\"{&quot;animation&quot;:&quot;fadeIn&quot;}\">\n\t\t\t\t\t\t<div class=\"elementor-container elementor-column-gap-default\">\n\t\t\t\t\t<div class=\"elementor-column elementor-col-100 elementor-top-column elementor-element elementor-element-4588b3d7\" data-id=\"4588b3d7\" data-element_type=\"column\">\n\t\t\t<div class=\"elementor-widget-wrap elementor-element-populated\">\n\t\t\t\t\t\t<div class=\"elementor-element elementor-element-4cb2edc8 elementor-invisible elementor-widget elementor-widget-text-editor\" data-id=\"4cb2edc8\" data-element_type=\"widget\" data-settings=\"{&quot;_animation&quot;:&quot;fadeIn&quot;}\" data-widget_type=\"text-editor.default\">\n\t\t\t\t<div class=\"elementor-widget-container\">\n\t\t\t\t\t\t\t\t\t<p>We focus on constant innovation<\/p>\t\t\t\t\t\t\t\t<\/div>\n\t\t\t\t<\/div>\n\t\t\t\t\t<\/div>\n\t\t<\/div>\n\t\t\t\t\t<\/div>\n\t\t<\/section>\n\t\t\t\t<section class=\"elementor-section elementor-top-section elementor-element elementor-element-655721ca elementor-section-boxed elementor-section-height-default elementor-section-height-default\" data-id=\"655721ca\" data-element_type=\"section\" id=\"outsourcing\">\n\t\t\t\t\t\t<div class=\"elementor-container elementor-column-gap-wider\">\n\t\t\t\t\t<div class=\"elementor-column elementor-col-50 elementor-top-column elementor-element elementor-element-1132a882\" data-id=\"1132a882\" data-element_type=\"column\">\n\t\t\t<div class=\"elementor-widget-wrap elementor-element-populated\">\n\t\t\t\t\t\t<div class=\"elementor-element elementor-element-4e5278b9 elementor-view-framed elementor-shape-square elementor-widget__width-auto elementor-invisible elementor-widget elementor-widget-icon\" data-id=\"4e5278b9\" data-element_type=\"widget\" data-settings=\"{&quot;_animation&quot;:&quot;fadeInLeft&quot;}\" data-widget_type=\"icon.default\">\n\t\t\t\t<div class=\"elementor-widget-container\">\n\t\t\t\t\t\t\t<div class=\"elementor-icon-wrapper\">\n\t\t\t<div class=\"elementor-icon\">\n\t\t\t<svg xmlns=\"http:\/\/www.w3.org\/2000\/svg\" xmlns:xlink=\"http:\/\/www.w3.org\/1999\/xlink\" id=\"Capa_1\" x=\"0px\" y=\"0px\" width=\"22.039px\" height=\"32.467px\" viewbox=\"0 0 22.039 32.467\" xml:space=\"preserve\"><path id=\"XMLID_36922_\" d=\"M19.228,0H2.811C1.261,0,0,1.261,0,2.811v26.844c0,1.551,1.261,2.812,2.811,2.812h16.417 c1.55,0,2.811-1.261,2.811-2.812V2.811C22.039,1.261,20.777,0,19.228,0z M20.734,29.655c0,0.83-0.676,1.507-1.507,1.507H2.811 c-0.831,0-1.506-0.677-1.506-1.507V2.811c0-0.831,0.675-1.507,1.506-1.507h16.417c0.831,0,1.507,0.676,1.507,1.507L20.734,29.655 L20.734,29.655z\"><\/path><circle id=\"XMLID_36921_\" cx=\"11.02\" cy=\"1.681\" r=\"0.302\"><\/circle><path id=\"XMLID_36920_\" d=\"M9.887,3.201h2.264c0.166,0,0.302-0.135,0.302-0.301s-0.136-0.301-0.302-0.301H9.887 c-0.166,0-0.301,0.135-0.301,0.301S9.721,3.201,9.887,3.201z\"><\/path><circle id=\"XMLID_36919_\" cx=\"8.876\" cy=\"2.9\" r=\"0.235\"><\/circle><path id=\"XMLID_36916_\" d=\"M11.019,27.812c-0.809,0-1.465,0.656-1.465,1.465c0,0.807,0.657,1.464,1.465,1.464 c0.807,0,1.464-0.657,1.464-1.464C12.483,28.468,11.826,27.812,11.019,27.812z M11.019,30.22c-0.521,0-0.946-0.425-0.946-0.943 c0-0.521,0.424-0.945,0.946-0.945c0.521,0,0.943,0.424,0.943,0.945C11.962,29.795,11.541,30.22,11.019,30.22z\"><\/path><path id=\"XMLID_36913_\" d=\"M18.72,3.851H3.318c-0.18,0-0.326,0.146-0.326,0.326v22.815c0,0.181,0.146,0.325,0.326,0.325H18.72 c0.181,0,0.326-0.146,0.326-0.325V4.177C19.046,3.997,18.9,3.851,18.72,3.851z M18.394,26.666H3.645V4.503h14.749V26.666z\"><\/path><g id=\"XMLID_10220_\">\t<path id=\"XMLID_10228_\" d=\"M6.132,7.357C6.065,7.272,5.969,7.218,5.861,7.205c-0.107-0.013-0.214,0.018-0.3,0.085  C5.477,7.357,5.422,7.453,5.41,7.561C5.397,7.669,5.427,7.775,5.494,7.86l2.078,2.638c0.077,0.098,0.194,0.155,0.318,0.155  c0.006,0,0.01,0,0.014,0h0.001c0.086-0.003,0.168-0.033,0.237-0.086c0.085-0.067,0.139-0.163,0.152-0.271s-0.017-0.215-0.083-0.3  L6.132,7.357z M7.926,10.292c-0.01,0.007-0.021,0.012-0.034,0.013c-0.018,0.002-0.035-0.008-0.047-0.023L5.768,7.644  C5.756,7.629,5.755,7.612,5.756,7.602c0.001-0.008,0.005-0.026,0.022-0.039C5.79,7.554,5.803,7.551,5.813,7.551  c0.002,0,0.004,0,0.006,0c0.009,0.002,0.026,0.005,0.04,0.022l2.078,2.638c0.012,0.016,0.013,0.031,0.012,0.042  C7.947,10.263,7.943,10.279,7.926,10.292z\"><\/path>\t<path id=\"XMLID_10225_\" d=\"M13.658,10.555L13.658,10.555c0.067,0.044,0.146,0.067,0.227,0.067c0.005,0,0.009,0,0.014,0  c0.132-0.004,0.253-0.072,0.324-0.181l1.714-2.577c0.06-0.09,0.082-0.199,0.06-0.306c-0.021-0.106-0.082-0.197-0.173-0.257  c-0.091-0.061-0.198-0.082-0.306-0.06c-0.105,0.021-0.198,0.083-0.258,0.173l-1.713,2.577c-0.061,0.091-0.082,0.198-0.061,0.306  C13.507,10.403,13.569,10.494,13.658,10.555z M13.835,10.184l1.713-2.577c0.013-0.018,0.029-0.023,0.037-0.025  c0.009-0.002,0.025-0.002,0.043,0.008c0.019,0.012,0.023,0.029,0.025,0.037c0.001,0.011,0.002,0.027-0.009,0.043l-1.714,2.578  c-0.014,0.022-0.037,0.025-0.047,0.025c-0.012,0-0.022-0.002-0.032-0.009c-0.019-0.011-0.022-0.028-0.024-0.037  C13.826,10.218,13.824,10.202,13.835,10.184z\"><\/path>\t<path id=\"XMLID_10222_\" d=\"M10.87,9.953c0.006,0,0.011,0,0.017,0c0.005,0,0.01,0,0.014,0c0.211-0.007,0.383-0.178,0.393-0.389  l0.144-3.423c0.003-0.108-0.033-0.212-0.106-0.292c-0.074-0.08-0.174-0.127-0.282-0.131c-0.109-0.005-0.212,0.032-0.292,0.105  c-0.08,0.074-0.127,0.174-0.131,0.283l-0.145,3.423c-0.005,0.109,0.033,0.212,0.107,0.292C10.661,9.901,10.762,9.948,10.87,9.953  L10.87,9.953z M10.829,9.544l0.145-3.424c0.001-0.021,0.012-0.034,0.019-0.041C11,6.073,11.014,6.065,11.034,6.065  c0.02,0.001,0.033,0.011,0.041,0.019C11.08,6.09,11.09,6.105,11.09,6.125l-0.145,3.423c0,0.03-0.026,0.054-0.057,0.055h-0.003  c-0.02-0.001-0.032-0.01-0.04-0.018C10.838,9.579,10.829,9.565,10.829,9.544z\"><\/path>\t<path d=\"M15.556,15.382c0-2.537-2.064-4.603-4.603-4.603c-2.539,0-4.601,2.067-4.601,4.604c0,0.59,0.037,1.109,0.219,1.868  c0.327,1.324,1.12,3.137,1.397,3.752c-0.118,0.168-0.184,0.364-0.187,0.57c-0.002,0.256,0.094,0.499,0.262,0.688  c-0.163,0.184-0.259,0.416-0.262,0.666c-0.002,0.29,0.12,0.559,0.326,0.754c-0.147,0.18-0.233,0.399-0.235,0.639  c-0.007,0.588,0.506,1.072,1.14,1.08l4.127,0.055c0.005,0,0.011,0,0.017,0c0.315,0,0.617-0.12,0.836-0.332  c0.198-0.194,0.311-0.451,0.313-0.721c0.003-0.291-0.119-0.559-0.325-0.756c0.147-0.178,0.233-0.397,0.235-0.638  c0.002-0.257-0.096-0.498-0.262-0.688c0.164-0.184,0.26-0.416,0.262-0.664c0.002-0.258-0.096-0.497-0.26-0.686  c0.289-0.644,1.063-2.416,1.383-3.72C15.521,16.492,15.556,15.973,15.556,15.382z M8.131,14.326  c0.105-1.572,1.489-2.016,2.205-2.032c0.214,0,0.385,0.167,0.39,0.374c0.004,0.21-0.164,0.386-0.374,0.39  c-0.014,0.001-0.152,0.006-0.34,0.051C9.611,13.206,9.1,13.452,8.94,14.084c-0.024,0.096-0.04,0.192-0.046,0.293  c-0.014,0.21-0.199,0.369-0.407,0.356C8.277,14.719,8.116,14.537,8.131,14.326z M13.503,24.623  c-0.088,0.087-0.217,0.142-0.354,0.133l-4.126-0.054c-0.252-0.003-0.456-0.172-0.455-0.376c0.002-0.156,0.127-0.295,0.312-0.347  c0.159-0.041,0.266-0.188,0.258-0.353c-0.008-0.164-0.129-0.3-0.291-0.327c-0.213-0.035-0.372-0.193-0.371-0.367  c0.002-0.147,0.12-0.283,0.293-0.339c0.145-0.045,0.244-0.179,0.245-0.331c0-0.152-0.097-0.285-0.243-0.332  c-0.178-0.058-0.297-0.199-0.296-0.351c0.002-0.067,0.025-0.121,0.054-0.166h4.885c0.063,0.065,0.104,0.146,0.103,0.231  c-0.001,0.148-0.118,0.285-0.291,0.34c-0.146,0.045-0.245,0.179-0.246,0.33s0.099,0.287,0.243,0.334  c0.177,0.057,0.296,0.197,0.294,0.351c-0.001,0.157-0.126,0.296-0.312,0.345c-0.158,0.043-0.267,0.188-0.259,0.354  c0.009,0.162,0.13,0.3,0.291,0.326c0.212,0.037,0.37,0.194,0.369,0.369C13.607,24.501,13.55,24.578,13.503,24.623z\"><\/path><\/g><\/svg>\t\t\t<\/div>\n\t\t<\/div>\n\t\t\t\t\t\t<\/div>\n\t\t\t\t<\/div>\n\t\t\t\t<div class=\"elementor-element elementor-element-52b7ee5b elementor-widget__width-auto elementor-invisible elementor-widget elementor-widget-text-editor\" data-id=\"52b7ee5b\" data-element_type=\"widget\" data-settings=\"{&quot;_animation&quot;:&quot;fadeInRight&quot;}\" data-widget_type=\"text-editor.default\">\n\t\t\t\t<div class=\"elementor-widget-container\">\n\t\t\t\t\t\t\t\t\t<p>Innovation &amp; Technology<\/p>\t\t\t\t\t\t\t\t<\/div>\n\t\t\t\t<\/div>\n\t\t\t\t<div class=\"elementor-element elementor-element-5c0488be elementor-invisible elementor-widget elementor-widget-text-editor\" data-id=\"5c0488be\" data-element_type=\"widget\" data-settings=\"{&quot;_animation&quot;:&quot;fadeIn&quot;}\" data-widget_type=\"text-editor.default\">\n\t\t\t\t<div class=\"elementor-widget-container\">\n\t\t\t\t\t\t\t\t\t<p>At HEALTHCARE GROUP, we feel that there is always room for improvement in everything we do. That is why our daily work is based on incorporating innovation in every work process, regardless of its level of complexity.<\/p><p>Many technologies are already beginning to be applied in a practical and beneficial way, when accompanied by ideas and strategies that enhance that application.<\/p><p>From augmented reality, virtual reality to point of sale elements with impactful technology or even digital platforms to generate communities or enhance the contacts of our customers with their patients\/consumers, are some of the developments where not only HEALTHCARE GROUP has focused its vision but the health market as well.<\/p>\t\t\t\t\t\t\t\t<\/div>\n\t\t\t\t<\/div>\n\t\t\t\t\t<\/div>\n\t\t<\/div>\n\t\t\t\t<div class=\"elementor-column elementor-col-50 elementor-top-column elementor-element elementor-element-4dced315\" data-id=\"4dced315\" data-element_type=\"column\">\n\t\t\t<div class=\"elementor-widget-wrap elementor-element-populated\">\n\t\t\t\t\t\t<div class=\"elementor-element elementor-element-64006dbf elementor-invisible elementor-widget elementor-widget-image\" data-id=\"64006dbf\" data-element_type=\"widget\" data-settings=\"{&quot;_animation&quot;:&quot;fadeIn&quot;}\" data-widget_type=\"image.default\">\n\t\t\t\t<div class=\"elementor-widget-container\">\n\t\t\t\t\t\t\t\t\t\t\t\t\t\t\t<img fetchpriority=\"high\" decoding=\"async\" width=\"787\" height=\"564\" src=\"https:\/\/healthcaregroup.com.ar\/wp-content\/uploads\/2022\/02\/RealidadAumentada3.jpg\" class=\"attachment-full size-full wp-image-1474\" alt=\"\" srcset=\"https:\/\/healthcaregroup.com.ar\/wp-content\/uploads\/2022\/02\/RealidadAumentada3.jpg 787w, https:\/\/healthcaregroup.com.ar\/wp-content\/uploads\/2022\/02\/RealidadAumentada3-300x215.jpg 300w, https:\/\/healthcaregroup.com.ar\/wp-content\/uploads\/2022\/02\/RealidadAumentada3-768x550.jpg 768w\" sizes=\"(max-width: 787px) 100vw, 787px\" \/>\t\t\t\t\t\t\t\t\t\t\t\t\t\t\t<\/div>\n\t\t\t\t<\/div>\n\t\t\t\t\t<\/div>\n\t\t<\/div>\n\t\t\t\t\t<\/div>\n\t\t<\/section>\n\t\t\t\t<\/div>","protected":false},"excerpt":{"rendered":"<p>Innovation &#038; Technology Hacemos foco en la innovaci\u00f3n constante Innovation &amp; Technology En HEALTHCARE GROUP sentimos que todo lo que hacemos siempre se puede mejorar. Por eso nuestro d\u00eda a d\u00eda se basa en incorporar innovaci\u00f3n en cada proceso de trabajo sin importar su escala de complejidad. Muchas tecnolog\u00edas ya empiezan a aplicarse de forma [&hellip;]<\/p>","protected":false},"author":1,"featured_media":0,"parent":0,"menu_order":0,"comment_status":"closed","ping_status":"closed","template":"","meta":{"footnotes":""},"class_list":["post-1398","page","type-page","status-publish","hentry"],"_links":{"self":[{"href":"https:\/\/healthcaregroup.com.ar\/en\/wp-json\/wp\/v2\/pages\/1398","targetHints":{"allow":["GET"]}}],"collection":[{"href":"https:\/\/healthcaregroup.com.ar\/en\/wp-json\/wp\/v2\/pages"}],"about":[{"href":"https:\/\/healthcaregroup.com.ar\/en\/wp-json\/wp\/v2\/types\/page"}],"author":[{"embeddable":true,"href":"https:\/\/healthcaregroup.com.ar\/en\/wp-json\/wp\/v2\/users\/1"}],"replies":[{"embeddable":true,"href":"https:\/\/healthcaregroup.com.ar\/en\/wp-json\/wp\/v2\/comments?post=1398"}],"version-history":[{"count":37,"href":"https:\/\/healthcaregroup.com.ar\/en\/wp-json\/wp\/v2\/pages\/1398\/revisions"}],"predecessor-version":[{"id":2459,"href":"https:\/\/healthcaregroup.com.ar\/en\/wp-json\/wp\/v2\/pages\/1398\/revisions\/2459"}],"wp:attachment":[{"href":"https:\/\/healthcaregroup.com.ar\/en\/wp-json\/wp\/v2\/media?parent=1398"}],"curies":[{"name":"wp","href":"https:\/\/api.w.org\/{rel}","templated":true}]}}