{"id":1373,"date":"2022-02-03T12:49:04","date_gmt":"2022-02-03T15:49:04","guid":{"rendered":"http:\/\/healthcaregroup.com.ar\/?page_id=1373"},"modified":"2022-06-08T09:34:22","modified_gmt":"2022-06-08T12:34:22","slug":"market-research","status":"publish","type":"page","link":"https:\/\/healthcaregroup.com.ar\/en\/market-research\/","title":{"rendered":"Market Research"},"content":{"rendered":"<div data-elementor-type=\"wp-page\" data-elementor-id=\"1373\" class=\"elementor elementor-1373\" data-elementor-post-type=\"page\">\n\t\t\t\t\t\t<section class=\"elementor-section elementor-top-section elementor-element elementor-element-4a1230f8 elementor-section-full_width elementor-section-height-min-height elementor-section-stretched elementor-section-height-default elementor-section-items-middle\" data-id=\"4a1230f8\" data-element_type=\"section\" data-settings=\"{&quot;stretch_section&quot;:&quot;section-stretched&quot;,&quot;background_background&quot;:&quot;classic&quot;}\">\n\t\t\t\t\t\t<div class=\"elementor-container elementor-column-gap-default\">\n\t\t\t\t\t<div class=\"elementor-column elementor-col-100 elementor-top-column elementor-element elementor-element-507edbf1\" data-id=\"507edbf1\" data-element_type=\"column\">\n\t\t\t<div class=\"elementor-widget-wrap elementor-element-populated\">\n\t\t\t\t\t\t<div class=\"elementor-element elementor-element-c426df5 elementor-widget elementor-widget-menu-anchor\" data-id=\"c426df5\" data-element_type=\"widget\" data-widget_type=\"menu-anchor.default\">\n\t\t\t\t<div class=\"elementor-widget-container\">\n\t\t\t\t\t\t\t<div class=\"elementor-menu-anchor\" id=\"top\"><\/div>\n\t\t\t\t\t\t<\/div>\n\t\t\t\t<\/div>\n\t\t\t\t<div class=\"elementor-element elementor-element-46a64aaf elementor-widget__width-initial elementor-absolute elementor-widget elementor-widget-spacer\" data-id=\"46a64aaf\" data-element_type=\"widget\" data-settings=\"{&quot;motion_fx_motion_fx_scrolling&quot;:&quot;yes&quot;,&quot;motion_fx_translateY_effect&quot;:&quot;yes&quot;,&quot;motion_fx_translateY_speed&quot;:{&quot;unit&quot;:&quot;px&quot;,&quot;size&quot;:6,&quot;sizes&quot;:[]},&quot;_position&quot;:&quot;absolute&quot;,&quot;motion_fx_translateY_affectedRange&quot;:{&quot;unit&quot;:&quot;%&quot;,&quot;size&quot;:&quot;&quot;,&quot;sizes&quot;:{&quot;start&quot;:0,&quot;end&quot;:100}},&quot;motion_fx_devices&quot;:[&quot;desktop&quot;,&quot;tablet&quot;,&quot;mobile&quot;]}\" data-widget_type=\"spacer.default\">\n\t\t\t\t<div class=\"elementor-widget-container\">\n\t\t\t\t\t\t\t<div class=\"elementor-spacer\">\n\t\t\t<div class=\"elementor-spacer-inner\"><\/div>\n\t\t<\/div>\n\t\t\t\t\t\t<\/div>\n\t\t\t\t<\/div>\n\t\t\t\t<div class=\"elementor-element elementor-element-4aa2f3d4 elementor-widget__width-initial elementor-absolute elementor-widget elementor-widget-spacer\" data-id=\"4aa2f3d4\" data-element_type=\"widget\" data-settings=\"{&quot;motion_fx_motion_fx_scrolling&quot;:&quot;yes&quot;,&quot;motion_fx_translateX_effect&quot;:&quot;yes&quot;,&quot;motion_fx_translateX_direction&quot;:&quot;negative&quot;,&quot;_position&quot;:&quot;absolute&quot;,&quot;motion_fx_translateX_speed&quot;:{&quot;unit&quot;:&quot;px&quot;,&quot;size&quot;:4,&quot;sizes&quot;:[]},&quot;motion_fx_translateX_affectedRange&quot;:{&quot;unit&quot;:&quot;%&quot;,&quot;size&quot;:&quot;&quot;,&quot;sizes&quot;:{&quot;start&quot;:0,&quot;end&quot;:100}},&quot;motion_fx_devices&quot;:[&quot;desktop&quot;,&quot;tablet&quot;,&quot;mobile&quot;]}\" data-widget_type=\"spacer.default\">\n\t\t\t\t<div class=\"elementor-widget-container\">\n\t\t\t\t\t\t\t<div class=\"elementor-spacer\">\n\t\t\t<div class=\"elementor-spacer-inner\"><\/div>\n\t\t<\/div>\n\t\t\t\t\t\t<\/div>\n\t\t\t\t<\/div>\n\t\t\t\t<div class=\"elementor-element elementor-element-151f9588 elementor--h-position-center elementor--v-position-middle elementor-widget elementor-widget-slides\" data-id=\"151f9588\" data-element_type=\"widget\" data-settings=\"{&quot;navigation&quot;:&quot;none&quot;,&quot;autoplay&quot;:&quot;yes&quot;,&quot;autoplay_speed&quot;:5000,&quot;infinite&quot;:&quot;yes&quot;,&quot;transition&quot;:&quot;slide&quot;,&quot;transition_speed&quot;:500}\" data-widget_type=\"slides.default\">\n\t\t\t\t<div class=\"elementor-widget-container\">\n\t\t\t\t\t\t\t\t\t<div class=\"elementor-swiper\">\n\t\t\t\t\t<div class=\"elementor-slides-wrapper elementor-main-swiper swiper\" role=\"region\" aria-roledescription=\"carousel\" aria-label=\"Slides\" dir=\"ltr\" data-animation=\"fadeInUp\">\n\t\t\t\t<div class=\"swiper-wrapper elementor-slides\">\n\t\t\t\t\t\t\t\t\t\t<div class=\"elementor-repeater-item-29ce861 swiper-slide\" role=\"group\" aria-roledescription=\"slide\"><div class=\"swiper-slide-bg\" role=\"img\"><\/div><div class=\"elementor-background-overlay\"><\/div><div class=\"swiper-slide-inner\" ><div class=\"swiper-slide-contents\"><div class=\"elementor-slide-heading\">Market Research<\/div><\/div><\/div><\/div>\t\t\t\t<\/div>\n\t\t\t\t\t\t\t<\/div>\n\t\t\t\t<\/div>\n\t\t\t\t\t\t\t\t<\/div>\n\t\t\t\t<\/div>\n\t\t\t\t\t<\/div>\n\t\t<\/div>\n\t\t\t\t\t<\/div>\n\t\t<\/section>\n\t\t\t\t<section class=\"elementor-section elementor-top-section elementor-element elementor-element-d252e13 elementor-section-boxed elementor-section-height-default elementor-section-height-default elementor-invisible\" data-id=\"d252e13\" data-element_type=\"section\" data-settings=\"{&quot;animation&quot;:&quot;fadeIn&quot;}\">\n\t\t\t\t\t\t<div class=\"elementor-container elementor-column-gap-default\">\n\t\t\t\t\t<div class=\"elementor-column elementor-col-100 elementor-top-column elementor-element elementor-element-591c417a\" data-id=\"591c417a\" data-element_type=\"column\">\n\t\t\t<div class=\"elementor-widget-wrap elementor-element-populated\">\n\t\t\t\t\t\t<div class=\"elementor-element elementor-element-33032aaa elementor-invisible elementor-widget elementor-widget-text-editor\" data-id=\"33032aaa\" data-element_type=\"widget\" data-settings=\"{&quot;_animation&quot;:&quot;fadeIn&quot;}\" data-widget_type=\"text-editor.default\">\n\t\t\t\t<div class=\"elementor-widget-container\">\n\t\t\t\t\t\t\t\t\t<p>Acquiring knowledge on an ongoing basis<\/p>\t\t\t\t\t\t\t\t<\/div>\n\t\t\t\t<\/div>\n\t\t\t\t\t<\/div>\n\t\t<\/div>\n\t\t\t\t\t<\/div>\n\t\t<\/section>\n\t\t\t\t<section class=\"elementor-section elementor-top-section elementor-element elementor-element-2c3438e3 elementor-section-boxed elementor-section-height-default elementor-section-height-default\" data-id=\"2c3438e3\" data-element_type=\"section\" id=\"outsourcing\">\n\t\t\t\t\t\t<div class=\"elementor-container elementor-column-gap-wider\">\n\t\t\t\t\t<div class=\"elementor-column elementor-col-50 elementor-top-column elementor-element elementor-element-4ed7c043\" data-id=\"4ed7c043\" data-element_type=\"column\">\n\t\t\t<div class=\"elementor-widget-wrap elementor-element-populated\">\n\t\t\t\t\t\t<div class=\"elementor-element elementor-element-7442b879 elementor-view-framed elementor-shape-square elementor-widget__width-auto elementor-invisible elementor-widget elementor-widget-icon\" data-id=\"7442b879\" data-element_type=\"widget\" data-settings=\"{&quot;_animation&quot;:&quot;fadeInLeft&quot;}\" data-widget_type=\"icon.default\">\n\t\t\t\t<div class=\"elementor-widget-container\">\n\t\t\t\t\t\t\t<div class=\"elementor-icon-wrapper\">\n\t\t\t<div class=\"elementor-icon\">\n\t\t\t<svg xmlns=\"http:\/\/www.w3.org\/2000\/svg\" xmlns:xlink=\"http:\/\/www.w3.org\/1999\/xlink\" id=\"Capa_1\" x=\"0px\" y=\"0px\" width=\"39.507px\" height=\"38.477px\" viewbox=\"0 0 39.507 38.477\" xml:space=\"preserve\"><g id=\"XMLID_34829_\">\t<path id=\"XMLID_34830_\" d=\"M15.546,38.477c8.572,0,15.546-6.975,15.546-15.547c0-4.051-1.56-7.745-4.108-10.515l2.927-2.926  c0.104,0.146,0.266,0.251,0.458,0.272l6.124,0.673c0.024,0.003,0.049,0.004,0.072,0.004c0.328,0,0.611-0.247,0.648-0.581  c0.039-0.358-0.22-0.68-0.578-0.72l-5.742-0.631l1.684-1.684c0.027,0.007,0.054,0.015,0.083,0.018l6.124,0.673  c0.024,0.002,0.049,0.003,0.072,0.003c0.328,0,0.611-0.247,0.647-0.581c0.039-0.358-0.22-0.68-0.577-0.72l-5.175-0.568l3.143-3.144  c0.255-0.255,0.255-0.667,0-0.922c-0.255-0.255-0.668-0.255-0.922,0l-3.224,3.224l-1.701-4.39  c-0.129-0.336-0.507-0.502-0.843-0.373c-0.336,0.13-0.503,0.508-0.373,0.844l1.887,4.871c0.007,0.018,0.021,0.032,0.028,0.049  l-1.388,1.388l-1.704-4.54c-0.127-0.337-0.503-0.508-0.841-0.381c-0.337,0.127-0.508,0.503-0.381,0.84l1.886,5.023  c0.009,0.023,0.024,0.041,0.035,0.062l-3.292,3.292c-2.771-2.549-6.464-4.109-10.516-4.109C6.975,7.384,0,14.359,0,22.93  C0,31.502,6.975,38.477,15.546,38.477z M15.546,8.688c3.692,0,7.061,1.413,9.594,3.726l-3.077,3.077  c-1.742-1.528-4.021-2.457-6.516-2.457c-5.457,0-9.897,4.439-9.897,9.895c0,5.457,4.44,9.896,9.897,9.896s9.896-4.439,9.896-9.896  c0-2.494-0.93-4.773-2.458-6.516l3.077-3.077c2.313,2.533,3.726,5.901,3.726,9.593c0,7.854-6.389,14.242-14.241,14.242  S1.305,30.783,1.305,22.93C1.305,15.077,7.693,8.688,15.546,8.688z M15.085,23.392c0.128,0.127,0.294,0.19,0.461,0.19  s0.334-0.063,0.462-0.19l2.008-2.009c0.283,0.449,0.449,0.979,0.449,1.547c0,1.609-1.31,2.918-2.919,2.918  c-1.608,0-2.918-1.309-2.918-2.918c0-1.608,1.31-2.917,2.918-2.917c0.569,0,1.099,0.166,1.547,0.448l-2.008,2.008  C14.83,22.724,14.83,23.137,15.085,23.392z\"><\/path><\/g><\/svg>\t\t\t<\/div>\n\t\t<\/div>\n\t\t\t\t\t\t<\/div>\n\t\t\t\t<\/div>\n\t\t\t\t<div class=\"elementor-element elementor-element-3f6ba813 elementor-widget__width-auto elementor-invisible elementor-widget elementor-widget-text-editor\" data-id=\"3f6ba813\" data-element_type=\"widget\" data-settings=\"{&quot;_animation&quot;:&quot;fadeInRight&quot;}\" data-widget_type=\"text-editor.default\">\n\t\t\t\t<div class=\"elementor-widget-container\">\n\t\t\t\t\t\t\t\t\t<p>Market Research<\/p>\t\t\t\t\t\t\t\t<\/div>\n\t\t\t\t<\/div>\n\t\t\t\t<div class=\"elementor-element elementor-element-7d2a87a8 elementor-invisible elementor-widget elementor-widget-text-editor\" data-id=\"7d2a87a8\" data-element_type=\"widget\" data-settings=\"{&quot;_animation&quot;:&quot;fadeIn&quot;}\" data-widget_type=\"text-editor.default\">\n\t\t\t\t<div class=\"elementor-widget-container\">\n\t\t\t\t\t\t\t\t\t<p>HEALTHCARE GROUP, has had the opportunity to design and carry out several market studies over the years, that have changed the way of conceiving health care in Argentina.<\/p><p>We strongly believe that the best strategies arise from the analysis of information. For this reason, we are constantly working to innovate methodologies and follow-ups and control of the market studies we design and implement for our clients.<\/p><p>HEALTHCARE GROUP understands the market as a source of key information that constantly flows. Therefore, by implementing real-time monitoring, we are able to rapidly respond and provide the best solutions.<\/p><p>Pharma Audit Shopper, Quali &amp; Quantitative studies, Focus Analysis, Corporate \/ Branding Research.<\/p>\t\t\t\t\t\t\t\t<\/div>\n\t\t\t\t<\/div>\n\t\t\t\t\t<\/div>\n\t\t<\/div>\n\t\t\t\t<div class=\"elementor-column elementor-col-50 elementor-top-column elementor-element elementor-element-1ad44ef6\" data-id=\"1ad44ef6\" data-element_type=\"column\">\n\t\t\t<div class=\"elementor-widget-wrap elementor-element-populated\">\n\t\t\t\t\t\t<div class=\"elementor-element elementor-element-26ee0b76 elementor-invisible elementor-widget elementor-widget-image\" data-id=\"26ee0b76\" data-element_type=\"widget\" data-settings=\"{&quot;_animation&quot;:&quot;fadeIn&quot;}\" data-widget_type=\"image.default\">\n\t\t\t\t<div class=\"elementor-widget-container\">\n\t\t\t\t\t\t\t\t\t\t\t\t\t\t\t<img fetchpriority=\"high\" decoding=\"async\" width=\"900\" height=\"600\" src=\"https:\/\/healthcaregroup.com.ar\/wp-content\/uploads\/2022\/02\/research2.jpg\" class=\"attachment-full size-full wp-image-1739\" alt=\"\" srcset=\"https:\/\/healthcaregroup.com.ar\/wp-content\/uploads\/2022\/02\/research2.jpg 900w, https:\/\/healthcaregroup.com.ar\/wp-content\/uploads\/2022\/02\/research2-300x200.jpg 300w, https:\/\/healthcaregroup.com.ar\/wp-content\/uploads\/2022\/02\/research2-768x512.jpg 768w\" sizes=\"(max-width: 900px) 100vw, 900px\" \/>\t\t\t\t\t\t\t\t\t\t\t\t\t\t\t<\/div>\n\t\t\t\t<\/div>\n\t\t\t\t\t<\/div>\n\t\t<\/div>\n\t\t\t\t\t<\/div>\n\t\t<\/section>\n\t\t\t\t<\/div>","protected":false},"excerpt":{"rendered":"<p>Market Research Adquiriendo conocimientos permanentemente Market Research HEALTHCARE GROUP, a lo largo de los a\u00f1os, ha tenido la oportunidad de dise\u00f1ar y realizar varios estudios de mercado que cambiaron la forma de ver la salud en Argentina. Creemos fervientemente que las mejores estrategias surgen del an\u00e1lisis de la informaci\u00f3n. Por esta raz\u00f3n, trabajamos constantemente en [&hellip;]<\/p>","protected":false},"author":1,"featured_media":0,"parent":0,"menu_order":0,"comment_status":"closed","ping_status":"closed","template":"","meta":{"footnotes":""},"class_list":["post-1373","page","type-page","status-publish","hentry"],"_links":{"self":[{"href":"https:\/\/healthcaregroup.com.ar\/en\/wp-json\/wp\/v2\/pages\/1373","targetHints":{"allow":["GET"]}}],"collection":[{"href":"https:\/\/healthcaregroup.com.ar\/en\/wp-json\/wp\/v2\/pages"}],"about":[{"href":"https:\/\/healthcaregroup.com.ar\/en\/wp-json\/wp\/v2\/types\/page"}],"author":[{"embeddable":true,"href":"https:\/\/healthcaregroup.com.ar\/en\/wp-json\/wp\/v2\/users\/1"}],"replies":[{"embeddable":true,"href":"https:\/\/healthcaregroup.com.ar\/en\/wp-json\/wp\/v2\/comments?post=1373"}],"version-history":[{"count":46,"href":"https:\/\/healthcaregroup.com.ar\/en\/wp-json\/wp\/v2\/pages\/1373\/revisions"}],"predecessor-version":[{"id":2375,"href":"https:\/\/healthcaregroup.com.ar\/en\/wp-json\/wp\/v2\/pages\/1373\/revisions\/2375"}],"wp:attachment":[{"href":"https:\/\/healthcaregroup.com.ar\/en\/wp-json\/wp\/v2\/media?parent=1373"}],"curies":[{"name":"wp","href":"https:\/\/api.w.org\/{rel}","templated":true}]}}